{"id":11,"date":"2019-06-21T16:00:35","date_gmt":"2019-06-21T14:00:35","guid":{"rendered":"http:\/\/gitarrenlehrer-claude-reeck.de\/neu\/?page_id=11"},"modified":"2023-01-13T13:10:27","modified_gmt":"2023-01-13T12:10:27","slug":"startseite","status":"publish","type":"page","link":"http:\/\/gitarrenlehrer-claude-reeck.de\/neu\/index.php\/startseite\/","title":{"rendered":"Startseite"},"content":{"rendered":"\n<p><\/p>\n\n\n\n<p><\/p>\n\n\n\n<p><\/p>\n\n\n\n<p>Ich biete Gitarrenunterricht f\u00fcr Kinder ab 7 Jahre, Jugendliche und Erwachsene sowohl f\u00fcr Anf\u00e4nger als auch Fortgeschrittene. Jeder Unterricht wird individuell gestaltet. Dabei stehen die Freude am Musizieren und das jeweilige Lernziel des Sch\u00fclers immer im Mittelpunkt.<\/p>\n\n\n\n<p>Sowohl auf der Akustik-Gitarre (Konzertgitarre und Swing-Gitarre), der E-Gitarre oder der Laute (Liuto Forte) vermittle ich mit ausgew\u00e4hlten St\u00fccken, Techniken und Kl\u00e4nge verschiedener Epochen. <\/p>\n\n\n\n<p>Unterrichtet wird in entspannter Atmosph\u00e4re in einem kleinen Studio in Striesen, das mit eigenem PKW, mit dem Fahrrad oder mit \u00f6ffentlichen Verkehrsmittel  gut zu erreichen ist.<\/p>\n\n\n\n<p>Auf Wunsch unterst\u00fctze ich Sie gern beim Erwerb eines geeigneten Instruments.<\/p>\n\n\n\n<p>Ich freue mich auf Sie !<\/p>\n","protected":false},"excerpt":{"rendered":"<p>Ich biete Gitarrenunterricht f\u00fcr Kinder ab 7 Jahre, Jugendliche und Erwachsene sowohl f\u00fcr Anf\u00e4nger als auch Fortgeschrittene. Jeder Unterricht wird individuell gestaltet. Dabei stehen die Freude am Musizieren und das jeweilige Lernziel des Sch\u00fclers immer im Mittelpunkt. Sowohl auf der Akustik-Gitarre (Konzertgitarre und Swing-Gitarre), der E-Gitarre oder der Laute (Liuto Forte) vermittle ich mit ausgew\u00e4hlten &hellip; <\/p>\n<p class=\"link-more\"><a href=\"http:\/\/gitarrenlehrer-claude-reeck.de\/neu\/index.php\/startseite\/\" class=\"more-link\"><span class=\"screen-reader-text\">\u201eStartseite\u201c<\/span> weiterlesen<\/a><\/p>\n","protected":false},"author":1,"featured_media":0,"parent":0,"menu_order":0,"comment_status":"closed","ping_status":"closed","template":"","meta":{"ngg_post_thumbnail":0},"_links":{"self":[{"href":"http:\/\/gitarrenlehrer-claude-reeck.de\/neu\/index.php\/wp-json\/wp\/v2\/pages\/11"}],"collection":[{"href":"http:\/\/gitarrenlehrer-claude-reeck.de\/neu\/index.php\/wp-json\/wp\/v2\/pages"}],"about":[{"href":"http:\/\/gitarrenlehrer-claude-reeck.de\/neu\/index.php\/wp-json\/wp\/v2\/types\/page"}],"author":[{"embeddable":true,"href":"http:\/\/gitarrenlehrer-claude-reeck.de\/neu\/index.php\/wp-json\/wp\/v2\/users\/1"}],"replies":[{"embeddable":true,"href":"http:\/\/gitarrenlehrer-claude-reeck.de\/neu\/index.php\/wp-json\/wp\/v2\/comments?post=11"}],"version-history":[{"count":6,"href":"http:\/\/gitarrenlehrer-claude-reeck.de\/neu\/index.php\/wp-json\/wp\/v2\/pages\/11\/revisions"}],"predecessor-version":[{"id":135,"href":"http:\/\/gitarrenlehrer-claude-reeck.de\/neu\/index.php\/wp-json\/wp\/v2\/pages\/11\/revisions\/135"}],"wp:attachment":[{"href":"http:\/\/gitarrenlehrer-claude-reeck.de\/neu\/index.php\/wp-json\/wp\/v2\/media?parent=11"}],"curies":[{"name":"wp","href":"https:\/\/api.w.org\/{rel}","templated":true}]}}