{"id":13,"date":"2019-06-21T16:00:35","date_gmt":"2019-06-21T14:00:35","guid":{"rendered":"http:\/\/gitarrenlehrer-claude-reeck.de\/neu\/?page_id=13"},"modified":"2023-01-11T15:58:28","modified_gmt":"2023-01-11T14:58:28","slug":"kontakt","status":"publish","type":"page","link":"http:\/\/gitarrenlehrer-claude-reeck.de\/neu\/index.php\/kontakt\/","title":{"rendered":"Kontakt"},"content":{"rendered":"<table>\n<tbody>\n<tr id=\"iSubtitle\">\n<td><\/td>\n<td>Angaben lt. TMG<\/td>\n<td><\/td>\n<\/tr>\n<tr>\n<td><\/td>\n<td colspan=\"2\">\n<div id=\"iScroll\">Claude Reeck<br \/>\nBehrischstr. 35<br \/>\n01277 Dresden<br \/>\nTel: 0351 &#8211; 799 29 55<br \/>\npost@gitarrenlehrer-claude-reeck.de<\/p>\n<p>Inhaltlich verantwortlich gem\u00e4\u00df \u00a7 55 Abs. 2 RStV:<br \/>\nClaude Reeck (Anschrift wie oben)<\/p>\n<p><em>Haftungshinweis: Trotz sorgf\u00e4ltiger inhaltlicher Kontrolle \u00fcbernehme ich keine Haftung f\u00fcr die Inhalte externer Links. F\u00fcr den Inhalt der verlinkten Seiten ist ausschlie\u00dflich deren Betreiber verantwortlich.<\/em><\/div>\n<\/td>\n<\/tr>\n<\/tbody>\n<\/table>\n","protected":false},"excerpt":{"rendered":"<p>Angaben lt. TMG Claude Reeck Behrischstr. 35 01277 Dresden Tel: 0351 &#8211; 799 29 55 post@gitarrenlehrer-claude-reeck.de Inhaltlich verantwortlich gem\u00e4\u00df \u00a7 55 Abs. 2 RStV: Claude Reeck (Anschrift wie oben) Haftungshinweis: Trotz sorgf\u00e4ltiger inhaltlicher Kontrolle \u00fcbernehme ich keine Haftung f\u00fcr die Inhalte externer Links. F\u00fcr den Inhalt der verlinkten Seiten ist ausschlie\u00dflich deren Betreiber verantwortlich.<\/p>\n","protected":false},"author":1,"featured_media":0,"parent":0,"menu_order":0,"comment_status":"closed","ping_status":"closed","template":"","meta":{"ngg_post_thumbnail":0},"_links":{"self":[{"href":"http:\/\/gitarrenlehrer-claude-reeck.de\/neu\/index.php\/wp-json\/wp\/v2\/pages\/13"}],"collection":[{"href":"http:\/\/gitarrenlehrer-claude-reeck.de\/neu\/index.php\/wp-json\/wp\/v2\/pages"}],"about":[{"href":"http:\/\/gitarrenlehrer-claude-reeck.de\/neu\/index.php\/wp-json\/wp\/v2\/types\/page"}],"author":[{"embeddable":true,"href":"http:\/\/gitarrenlehrer-claude-reeck.de\/neu\/index.php\/wp-json\/wp\/v2\/users\/1"}],"replies":[{"embeddable":true,"href":"http:\/\/gitarrenlehrer-claude-reeck.de\/neu\/index.php\/wp-json\/wp\/v2\/comments?post=13"}],"version-history":[{"count":2,"href":"http:\/\/gitarrenlehrer-claude-reeck.de\/neu\/index.php\/wp-json\/wp\/v2\/pages\/13\/revisions"}],"predecessor-version":[{"id":34,"href":"http:\/\/gitarrenlehrer-claude-reeck.de\/neu\/index.php\/wp-json\/wp\/v2\/pages\/13\/revisions\/34"}],"wp:attachment":[{"href":"http:\/\/gitarrenlehrer-claude-reeck.de\/neu\/index.php\/wp-json\/wp\/v2\/media?parent=13"}],"curies":[{"name":"wp","href":"https:\/\/api.w.org\/{rel}","templated":true}]}}