{"id":139,"date":"2023-08-29T11:20:02","date_gmt":"2023-08-29T09:20:02","guid":{"rendered":"http:\/\/gitarrenlehrer-claude-reeck.de\/neu\/?page_id=139"},"modified":"2023-08-29T11:20:24","modified_gmt":"2023-08-29T09:20:24","slug":"e-gitarre-2","status":"publish","type":"page","link":"http:\/\/gitarrenlehrer-claude-reeck.de\/neu\/index.php\/e-gitarre-2\/","title":{"rendered":"E-Gitarre"},"content":{"rendered":"\n<p>Auf der E-Gitarre biete ich Unterricht in den Stilrichtungen Rock\/Pop, Jazz, Blues und Fusion. Ich benutze eine Solidbody und eine Archtop Jazzgitarre. Mit ausgesuchten St\u00fccken erlernen wir Stil und Rhythmus feste Fingerfertigkeiten mit dem dazu passenden Sound. Neben den g\u00e4ngigen Anschlag- und Spieltechniken, \u00fcben wir den Umgang mit Effektger\u00e4t und  Loopstation.<\/p>\n\n\n\n<p>Es geht auch darum die F\u00e4higkeit zu entwickeln mit anderen Musikern zu kommunizieren und gemeinsam zu musizieren. Die Grundlage daf\u00fcr ist eine Praxis nahe Musiktheorie mit der wir Komponieren, Arrangieren und Improvisieren lernen.<\/p>\n\n\n\n<p><\/p>\n\n\n\n<figure class=\"wp-block-image size-large\"><img decoding=\"async\" loading=\"lazy\" width=\"1024\" height=\"682\" src=\"http:\/\/gitarrenlehrer-claude-reeck.de\/neu\/wp-content\/uploads\/2023\/01\/guitar-ga592d5664_1280-1024x682.jpg\" alt=\"\" class=\"wp-image-112\" srcset=\"http:\/\/gitarrenlehrer-claude-reeck.de\/neu\/wp-content\/uploads\/2023\/01\/guitar-ga592d5664_1280-1024x682.jpg 1024w, http:\/\/gitarrenlehrer-claude-reeck.de\/neu\/wp-content\/uploads\/2023\/01\/guitar-ga592d5664_1280-300x200.jpg 300w, http:\/\/gitarrenlehrer-claude-reeck.de\/neu\/wp-content\/uploads\/2023\/01\/guitar-ga592d5664_1280-768x512.jpg 768w, http:\/\/gitarrenlehrer-claude-reeck.de\/neu\/wp-content\/uploads\/2023\/01\/guitar-ga592d5664_1280.jpg 1280w\" sizes=\"(max-width: 767px) 89vw, (max-width: 1000px) 54vw, (max-width: 1071px) 543px, 580px\" \/><\/figure>\n","protected":false},"excerpt":{"rendered":"<p>Auf der E-Gitarre biete ich Unterricht in den Stilrichtungen Rock\/Pop, Jazz, Blues und Fusion. Ich benutze eine Solidbody und eine Archtop Jazzgitarre. Mit ausgesuchten St\u00fccken erlernen wir Stil und Rhythmus feste Fingerfertigkeiten mit dem dazu passenden Sound. Neben den g\u00e4ngigen Anschlag- und Spieltechniken, \u00fcben wir den Umgang mit Effektger\u00e4t und Loopstation. Es geht auch darum &hellip; <\/p>\n<p class=\"link-more\"><a href=\"http:\/\/gitarrenlehrer-claude-reeck.de\/neu\/index.php\/e-gitarre-2\/\" class=\"more-link\"><span class=\"screen-reader-text\">\u201eE-Gitarre\u201c<\/span> weiterlesen<\/a><\/p>\n","protected":false},"author":1,"featured_media":0,"parent":0,"menu_order":0,"comment_status":"closed","ping_status":"closed","template":"","meta":{"ngg_post_thumbnail":0},"_links":{"self":[{"href":"http:\/\/gitarrenlehrer-claude-reeck.de\/neu\/index.php\/wp-json\/wp\/v2\/pages\/139"}],"collection":[{"href":"http:\/\/gitarrenlehrer-claude-reeck.de\/neu\/index.php\/wp-json\/wp\/v2\/pages"}],"about":[{"href":"http:\/\/gitarrenlehrer-claude-reeck.de\/neu\/index.php\/wp-json\/wp\/v2\/types\/page"}],"author":[{"embeddable":true,"href":"http:\/\/gitarrenlehrer-claude-reeck.de\/neu\/index.php\/wp-json\/wp\/v2\/users\/1"}],"replies":[{"embeddable":true,"href":"http:\/\/gitarrenlehrer-claude-reeck.de\/neu\/index.php\/wp-json\/wp\/v2\/comments?post=139"}],"version-history":[{"count":3,"href":"http:\/\/gitarrenlehrer-claude-reeck.de\/neu\/index.php\/wp-json\/wp\/v2\/pages\/139\/revisions"}],"predecessor-version":[{"id":148,"href":"http:\/\/gitarrenlehrer-claude-reeck.de\/neu\/index.php\/wp-json\/wp\/v2\/pages\/139\/revisions\/148"}],"wp:attachment":[{"href":"http:\/\/gitarrenlehrer-claude-reeck.de\/neu\/index.php\/wp-json\/wp\/v2\/media?parent=139"}],"curies":[{"name":"wp","href":"https:\/\/api.w.org\/{rel}","templated":true}]}}