{"id":68,"date":"2020-02-12T11:51:37","date_gmt":"2020-02-12T10:51:37","guid":{"rendered":"http:\/\/gitarrenlehrer-claude-reeck.de\/neu\/?page_id=68"},"modified":"2023-01-11T15:52:03","modified_gmt":"2023-01-11T14:52:03","slug":"die-konzert-gitarre","status":"publish","type":"page","link":"http:\/\/gitarrenlehrer-claude-reeck.de\/neu\/index.php\/die-konzert-gitarre\/","title":{"rendered":"Die Konzert-Gitarre"},"content":{"rendered":"\n<p>Mit Kunststoff Saiten best\u00fcckt und in vielen Gr\u00f6\u00dfen verf\u00fcgbar, eignet sich diese Gitarre f\u00fcr Kinder und Anf\u00e4nger. Der Klang und das Spielgef\u00fchl sind weich. Die notwendige Hornhaut an den Fingern kann sich schrittweise ausbilden. Vom Kinderlied zum Gitarrenkonzert begeben wir uns mit diesem Instrument auf eine spannende Reise durch die Welt der Gitarrenmusik.<\/p>\n\n\n\n<figure class=\"wp-block-image\"><img decoding=\"async\" loading=\"lazy\" width=\"1024\" height=\"684\" src=\"http:\/\/gitarrenlehrer-claude-reeck.de\/neu\/wp-content\/uploads\/2023\/01\/guitar-ge27735735_1920-1024x684.jpg\" alt=\"\" class=\"wp-image-91\" srcset=\"http:\/\/gitarrenlehrer-claude-reeck.de\/neu\/wp-content\/uploads\/2023\/01\/guitar-ge27735735_1920-1024x684.jpg 1024w, http:\/\/gitarrenlehrer-claude-reeck.de\/neu\/wp-content\/uploads\/2023\/01\/guitar-ge27735735_1920-300x200.jpg 300w, http:\/\/gitarrenlehrer-claude-reeck.de\/neu\/wp-content\/uploads\/2023\/01\/guitar-ge27735735_1920-768x513.jpg 768w, http:\/\/gitarrenlehrer-claude-reeck.de\/neu\/wp-content\/uploads\/2023\/01\/guitar-ge27735735_1920.jpg 1920w\" sizes=\"(max-width: 767px) 89vw, (max-width: 1000px) 54vw, (max-width: 1071px) 543px, 580px\" \/><\/figure>\n\n\n\n<p>Kinder (ab 7 Jahren) und Anf\u00e4nger werden hier behutsam an das Instrument herangef\u00fchrt. Wir lernen Rhythmus, Melodie und Harmonie zu sp\u00fcren, h\u00f6ren und auszuf\u00fchren. Wir schulen Feinmotorik, Aufmerksamkeit und Ged\u00e4chtnis.<\/p>\n\n\n\n<ul class=\"is-layout-flex wp-block-gallery-1 wp-block-gallery columns-0 is-cropped\"><\/ul>\n\n\n\n<p><\/p>\n","protected":false},"excerpt":{"rendered":"<p>Mit Kunststoff Saiten best\u00fcckt und in vielen Gr\u00f6\u00dfen verf\u00fcgbar, eignet sich diese Gitarre f\u00fcr Kinder und Anf\u00e4nger. Der Klang und das Spielgef\u00fchl sind weich. Die notwendige Hornhaut an den Fingern kann sich schrittweise ausbilden. Vom Kinderlied zum Gitarrenkonzert begeben wir uns mit diesem Instrument auf eine spannende Reise durch die Welt der Gitarrenmusik. Kinder (ab &hellip; <\/p>\n<p class=\"link-more\"><a href=\"http:\/\/gitarrenlehrer-claude-reeck.de\/neu\/index.php\/die-konzert-gitarre\/\" class=\"more-link\"><span class=\"screen-reader-text\">\u201eDie Konzert-Gitarre\u201c<\/span> weiterlesen<\/a><\/p>\n","protected":false},"author":1,"featured_media":0,"parent":0,"menu_order":0,"comment_status":"closed","ping_status":"closed","template":"","meta":{"ngg_post_thumbnail":0},"_links":{"self":[{"href":"http:\/\/gitarrenlehrer-claude-reeck.de\/neu\/index.php\/wp-json\/wp\/v2\/pages\/68"}],"collection":[{"href":"http:\/\/gitarrenlehrer-claude-reeck.de\/neu\/index.php\/wp-json\/wp\/v2\/pages"}],"about":[{"href":"http:\/\/gitarrenlehrer-claude-reeck.de\/neu\/index.php\/wp-json\/wp\/v2\/types\/page"}],"author":[{"embeddable":true,"href":"http:\/\/gitarrenlehrer-claude-reeck.de\/neu\/index.php\/wp-json\/wp\/v2\/users\/1"}],"replies":[{"embeddable":true,"href":"http:\/\/gitarrenlehrer-claude-reeck.de\/neu\/index.php\/wp-json\/wp\/v2\/comments?post=68"}],"version-history":[{"count":5,"href":"http:\/\/gitarrenlehrer-claude-reeck.de\/neu\/index.php\/wp-json\/wp\/v2\/pages\/68\/revisions"}],"predecessor-version":[{"id":120,"href":"http:\/\/gitarrenlehrer-claude-reeck.de\/neu\/index.php\/wp-json\/wp\/v2\/pages\/68\/revisions\/120"}],"wp:attachment":[{"href":"http:\/\/gitarrenlehrer-claude-reeck.de\/neu\/index.php\/wp-json\/wp\/v2\/media?parent=68"}],"curies":[{"name":"wp","href":"https:\/\/api.w.org\/{rel}","templated":true}]}}